{"id":46,"date":"2026-04-09T09:54:02","date_gmt":"2026-04-09T09:54:02","guid":{"rendered":"http:\/\/www.brudhall.com\/?page_id=46"},"modified":"2026-04-09T09:54:03","modified_gmt":"2026-04-09T09:54:03","slug":"boka-nu","status":"publish","type":"page","link":"https:\/\/www.brudhall.com\/fi\/boka-nu\/","title":{"rendered":"Varaa nyt"},"content":{"rendered":"","protected":false},"excerpt":{"rendered":"","protected":false},"author":3,"featured_media":0,"parent":0,"menu_order":0,"comment_status":"closed","ping_status":"closed","template":"","meta":{"_seopress_robots_primary_cat":"","_seopress_titles_title":"Boka rum p\u00e5 Hotell Brudh\u00e4ll","_seopress_titles_desc":"Vi har rum f\u00f6r b\u00e5de par, v\u00e4nner och familjer. Alla rum inkluderar frukost.","_seopress_robots_index":"","footnotes":""},"class_list":["post-46","page","type-page","status-publish","hentry"],"_links":{"self":[{"href":"https:\/\/www.brudhall.com\/fi\/wp-json\/wp\/v2\/pages\/46","targetHints":{"allow":["GET"]}}],"collection":[{"href":"https:\/\/www.brudhall.com\/fi\/wp-json\/wp\/v2\/pages"}],"about":[{"href":"https:\/\/www.brudhall.com\/fi\/wp-json\/wp\/v2\/types\/page"}],"author":[{"embeddable":true,"href":"https:\/\/www.brudhall.com\/fi\/wp-json\/wp\/v2\/users\/3"}],"replies":[{"embeddable":true,"href":"https:\/\/www.brudhall.com\/fi\/wp-json\/wp\/v2\/comments?post=46"}],"version-history":[{"count":1,"href":"https:\/\/www.brudhall.com\/fi\/wp-json\/wp\/v2\/pages\/46\/revisions"}],"predecessor-version":[{"id":888,"href":"https:\/\/www.brudhall.com\/fi\/wp-json\/wp\/v2\/pages\/46\/revisions\/888"}],"wp:attachment":[{"href":"https:\/\/www.brudhall.com\/fi\/wp-json\/wp\/v2\/media?parent=46"}],"curies":[{"name":"wp","href":"https:\/\/api.w.org\/{rel}","templated":true}]}}