{"id":39,"date":"2026-04-09T09:44:27","date_gmt":"2026-04-09T09:44:27","guid":{"rendered":"http:\/\/www.brudhall.com\/?page_id=39"},"modified":"2026-04-09T09:44:28","modified_gmt":"2026-04-09T09:44:28","slug":"kallskar-kokar-aland","status":"publish","type":"page","link":"https:\/\/www.brudhall.com\/fi\/kallskar-kokar-aland\/","title":{"rendered":"K\u00e4llsk\u00e4r"},"content":{"rendered":"","protected":false},"excerpt":{"rendered":"","protected":false},"author":3,"featured_media":0,"parent":0,"menu_order":0,"comment_status":"closed","ping_status":"closed","template":"","meta":{"_seopress_robots_primary_cat":"","_seopress_titles_title":"Grevens \u00d6 K\u00e4llsk\u00e4r | K\u00f6kar","_seopress_titles_desc":"Fr\u00e5n Hotell Brudh\u00e4ll kan du \u00e5ka p\u00e5 en utflykt till den unika \u00f6n K\u00e4llsk\u00e4r.","_seopress_robots_index":"","footnotes":""},"class_list":["post-39","page","type-page","status-publish","hentry"],"_links":{"self":[{"href":"https:\/\/www.brudhall.com\/fi\/wp-json\/wp\/v2\/pages\/39","targetHints":{"allow":["GET"]}}],"collection":[{"href":"https:\/\/www.brudhall.com\/fi\/wp-json\/wp\/v2\/pages"}],"about":[{"href":"https:\/\/www.brudhall.com\/fi\/wp-json\/wp\/v2\/types\/page"}],"author":[{"embeddable":true,"href":"https:\/\/www.brudhall.com\/fi\/wp-json\/wp\/v2\/users\/3"}],"replies":[{"embeddable":true,"href":"https:\/\/www.brudhall.com\/fi\/wp-json\/wp\/v2\/comments?post=39"}],"version-history":[{"count":1,"href":"https:\/\/www.brudhall.com\/fi\/wp-json\/wp\/v2\/pages\/39\/revisions"}],"predecessor-version":[{"id":882,"href":"https:\/\/www.brudhall.com\/fi\/wp-json\/wp\/v2\/pages\/39\/revisions\/882"}],"wp:attachment":[{"href":"https:\/\/www.brudhall.com\/fi\/wp-json\/wp\/v2\/media?parent=39"}],"curies":[{"name":"wp","href":"https:\/\/api.w.org\/{rel}","templated":true}]}}