{"id":37,"date":"2021-05-03T08:46:39","date_gmt":"2021-05-03T08:46:39","guid":{"rendered":"http:\/\/www.brudhall.com\/?page_id=37"},"modified":"2024-01-08T13:58:14","modified_gmt":"2024-01-08T13:58:14","slug":"gasthamn-pa-kokar","status":"publish","type":"page","link":"https:\/\/www.brudhall.com\/fi\/gasthamn-pa-kokar\/","title":{"rendered":"Vierassatama"},"content":{"rendered":"","protected":false},"excerpt":{"rendered":"","protected":false},"author":3,"featured_media":0,"parent":0,"menu_order":0,"comment_status":"closed","ping_status":"closed","template":"","meta":{"_seopress_robots_primary_cat":"","_seopress_titles_title":"G\u00e4sthamn p\u00e5 K\u00f6kar | Karlby G\u00e4sthamn &amp; Hotell Brudh\u00e4ll","_seopress_titles_desc":"En h\u00e4rlig g\u00e4sthamn med allt du beh\u00f6ver. Vi har septit\u00f6mning, el, WIFI och n\u00e4ra till butiken.","_seopress_robots_index":"","footnotes":""},"class_list":["post-37","page","type-page","status-publish","hentry"],"_links":{"self":[{"href":"https:\/\/www.brudhall.com\/fi\/wp-json\/wp\/v2\/pages\/37","targetHints":{"allow":["GET"]}}],"collection":[{"href":"https:\/\/www.brudhall.com\/fi\/wp-json\/wp\/v2\/pages"}],"about":[{"href":"https:\/\/www.brudhall.com\/fi\/wp-json\/wp\/v2\/types\/page"}],"author":[{"embeddable":true,"href":"https:\/\/www.brudhall.com\/fi\/wp-json\/wp\/v2\/users\/3"}],"replies":[{"embeddable":true,"href":"https:\/\/www.brudhall.com\/fi\/wp-json\/wp\/v2\/comments?post=37"}],"version-history":[{"count":0,"href":"https:\/\/www.brudhall.com\/fi\/wp-json\/wp\/v2\/pages\/37\/revisions"}],"wp:attachment":[{"href":"https:\/\/www.brudhall.com\/fi\/wp-json\/wp\/v2\/media?parent=37"}],"curies":[{"name":"wp","href":"https:\/\/api.w.org\/{rel}","templated":true}]}}