{"id":35,"date":"2026-04-15T08:23:01","date_gmt":"2026-04-15T08:23:01","guid":{"rendered":"http:\/\/www.brudhall.com\/?page_id=35"},"modified":"2026-04-15T08:23:02","modified_gmt":"2026-04-15T08:23:02","slug":"restaurang-brudhall-kokar","status":"publish","type":"page","link":"https:\/\/www.brudhall.com\/fi\/restaurang-brudhall-kokar\/","title":{"rendered":"Ravintola"},"content":{"rendered":"","protected":false},"excerpt":{"rendered":"","protected":false},"author":3,"featured_media":0,"parent":0,"menu_order":0,"comment_status":"closed","ping_status":"closed","template":"","meta":{"_seopress_robots_primary_cat":"","_seopress_titles_title":"Restaurang p\u00e5 K\u00f6kar, \u00c5land | Hotell Brudh\u00e4ll","_seopress_titles_desc":"Premium burgare, \u00c5lands kanske godaste pizza, en riklig lunch eller en middag fylld av de b\u00e4sta smakupplevelserna fr\u00e5n sk\u00e4rg\u00e5rden.","_seopress_robots_index":"","footnotes":""},"class_list":["post-35","page","type-page","status-publish","hentry"],"_links":{"self":[{"href":"https:\/\/www.brudhall.com\/fi\/wp-json\/wp\/v2\/pages\/35","targetHints":{"allow":["GET"]}}],"collection":[{"href":"https:\/\/www.brudhall.com\/fi\/wp-json\/wp\/v2\/pages"}],"about":[{"href":"https:\/\/www.brudhall.com\/fi\/wp-json\/wp\/v2\/types\/page"}],"author":[{"embeddable":true,"href":"https:\/\/www.brudhall.com\/fi\/wp-json\/wp\/v2\/users\/3"}],"replies":[{"embeddable":true,"href":"https:\/\/www.brudhall.com\/fi\/wp-json\/wp\/v2\/comments?post=35"}],"version-history":[{"count":1,"href":"https:\/\/www.brudhall.com\/fi\/wp-json\/wp\/v2\/pages\/35\/revisions"}],"predecessor-version":[{"id":890,"href":"https:\/\/www.brudhall.com\/fi\/wp-json\/wp\/v2\/pages\/35\/revisions\/890"}],"wp:attachment":[{"href":"https:\/\/www.brudhall.com\/fi\/wp-json\/wp\/v2\/media?parent=35"}],"curies":[{"name":"wp","href":"https:\/\/api.w.org\/{rel}","templated":true}]}}