{"id":304,"date":"2021-05-07T05:04:57","date_gmt":"2021-05-07T05:04:57","guid":{"rendered":"http:\/\/www.brudhall.com\/?page_id=304"},"modified":"2021-05-07T05:04:59","modified_gmt":"2021-05-07T05:04:59","slug":"loyda-kokariin","status":"publish","type":"page","link":"https:\/\/www.brudhall.com\/fi\/loyda-kokariin\/","title":{"rendered":"L\u00f6yd\u00e4 K\u00f6kariin"},"content":{"rendered":"","protected":false},"excerpt":{"rendered":"","protected":false},"author":3,"featured_media":0,"parent":0,"menu_order":0,"comment_status":"closed","ping_status":"closed","template":"","meta":{"_seopress_robots_primary_cat":"","_seopress_titles_title":"Hur du reser till K\u00f6kar","_seopress_titles_desc":"Till K\u00f6kar kommer du l\u00e4tt med bil, cykel, g\u00e5ende eller b\u00e5t. Vi har f\u00f6rl\u00e4ttat din reseplaneringen och listat hur du tar dig ut l\u00e4ttast!","_seopress_robots_index":"","footnotes":""},"class_list":["post-304","page","type-page","status-publish","hentry"],"_links":{"self":[{"href":"https:\/\/www.brudhall.com\/fi\/wp-json\/wp\/v2\/pages\/304","targetHints":{"allow":["GET"]}}],"collection":[{"href":"https:\/\/www.brudhall.com\/fi\/wp-json\/wp\/v2\/pages"}],"about":[{"href":"https:\/\/www.brudhall.com\/fi\/wp-json\/wp\/v2\/types\/page"}],"author":[{"embeddable":true,"href":"https:\/\/www.brudhall.com\/fi\/wp-json\/wp\/v2\/users\/3"}],"replies":[{"embeddable":true,"href":"https:\/\/www.brudhall.com\/fi\/wp-json\/wp\/v2\/comments?post=304"}],"version-history":[{"count":0,"href":"https:\/\/www.brudhall.com\/fi\/wp-json\/wp\/v2\/pages\/304\/revisions"}],"wp:attachment":[{"href":"https:\/\/www.brudhall.com\/fi\/wp-json\/wp\/v2\/media?parent=304"}],"curies":[{"name":"wp","href":"https:\/\/api.w.org\/{rel}","templated":true}]}}