{"id":13,"date":"2026-04-17T16:18:17","date_gmt":"2026-04-17T16:18:17","guid":{"rendered":"http:\/\/www.brudhall.com\/?page_id=13"},"modified":"2026-04-17T16:18:18","modified_gmt":"2026-04-17T16:18:18","slug":"hotell-kokar-aland","status":"publish","type":"page","link":"https:\/\/www.brudhall.com\/fi\/","title":{"rendered":"Etusivu"},"content":{"rendered":"","protected":false},"excerpt":{"rendered":"","protected":false},"author":3,"featured_media":0,"parent":0,"menu_order":0,"comment_status":"closed","ping_status":"closed","template":"","meta":{"_seopress_robots_primary_cat":"","_seopress_titles_title":"Hotell | Restaurang | G\u00e4sthamn | K\u00f6kar, \u00c5land","_seopress_titles_desc":"P\u00e5 Brudh\u00e4ll K\u00f6kar f\u00e5r du uppleva vacker milj\u00f6, nya smaker och en lugn atmosf\u00e4r.\r\nVi har restaurang, bar, g\u00e4sthamn, bastu och Jacuzzi.","_seopress_robots_index":"","footnotes":""},"class_list":["post-13","page","type-page","status-publish","hentry"],"_links":{"self":[{"href":"https:\/\/www.brudhall.com\/fi\/wp-json\/wp\/v2\/pages\/13","targetHints":{"allow":["GET"]}}],"collection":[{"href":"https:\/\/www.brudhall.com\/fi\/wp-json\/wp\/v2\/pages"}],"about":[{"href":"https:\/\/www.brudhall.com\/fi\/wp-json\/wp\/v2\/types\/page"}],"author":[{"embeddable":true,"href":"https:\/\/www.brudhall.com\/fi\/wp-json\/wp\/v2\/users\/3"}],"replies":[{"embeddable":true,"href":"https:\/\/www.brudhall.com\/fi\/wp-json\/wp\/v2\/comments?post=13"}],"version-history":[{"count":1,"href":"https:\/\/www.brudhall.com\/fi\/wp-json\/wp\/v2\/pages\/13\/revisions"}],"predecessor-version":[{"id":885,"href":"https:\/\/www.brudhall.com\/fi\/wp-json\/wp\/v2\/pages\/13\/revisions\/885"}],"wp:attachment":[{"href":"https:\/\/www.brudhall.com\/fi\/wp-json\/wp\/v2\/media?parent=13"}],"curies":[{"name":"wp","href":"https:\/\/api.w.org\/{rel}","templated":true}]}}