{"id":41,"date":"2021-05-03T08:48:27","date_gmt":"2021-05-03T08:48:27","guid":{"rendered":"http:\/\/www.brudhall.com\/?page_id=41"},"modified":"2021-05-07T06:49:06","modified_gmt":"2021-05-07T06:49:06","slug":"sevardheter-pa-kokar","status":"publish","type":"page","link":"https:\/\/www.brudhall.com\/en\/sevardheter-pa-kokar\/","title":{"rendered":"Sights"},"content":{"rendered":"","protected":false},"excerpt":{"rendered":"","protected":false},"author":3,"featured_media":0,"parent":0,"menu_order":0,"comment_status":"closed","ping_status":"closed","template":"","meta":{"_seopress_robots_primary_cat":"","_seopress_titles_title":"Sev\u00e4rdheter p\u00e5 K\u00f6kar, \u00c5land | Hotell Brudh\u00e4ll","_seopress_titles_desc":"\u00c4t p\u00e5 \u00f6ns caf\u00e9er, vandra p\u00e5 vidunderliga Kalen eller uppt\u00e4ck yttersk\u00e4rg\u00e5rden med en guidad b\u00e5tutf\u00e4rd till Grevens \u00f6 K\u00e4llsk\u00e4r. Se fler sev\u00e4rdheter p\u00e5 sidan.","_seopress_robots_index":"","footnotes":""},"class_list":["post-41","page","type-page","status-publish","hentry"],"_links":{"self":[{"href":"https:\/\/www.brudhall.com\/en\/wp-json\/wp\/v2\/pages\/41","targetHints":{"allow":["GET"]}}],"collection":[{"href":"https:\/\/www.brudhall.com\/en\/wp-json\/wp\/v2\/pages"}],"about":[{"href":"https:\/\/www.brudhall.com\/en\/wp-json\/wp\/v2\/types\/page"}],"author":[{"embeddable":true,"href":"https:\/\/www.brudhall.com\/en\/wp-json\/wp\/v2\/users\/3"}],"replies":[{"embeddable":true,"href":"https:\/\/www.brudhall.com\/en\/wp-json\/wp\/v2\/comments?post=41"}],"version-history":[{"count":0,"href":"https:\/\/www.brudhall.com\/en\/wp-json\/wp\/v2\/pages\/41\/revisions"}],"wp:attachment":[{"href":"https:\/\/www.brudhall.com\/en\/wp-json\/wp\/v2\/media?parent=41"}],"curies":[{"name":"wp","href":"https:\/\/api.w.org\/{rel}","templated":true}]}}