{"id":28,"date":"2021-05-03T08:45:06","date_gmt":"2021-05-03T08:45:06","guid":{"rendered":"http:\/\/www.brudhall.com\/?page_id=28"},"modified":"2021-05-07T06:47:22","modified_gmt":"2021-05-07T06:47:22","slug":"konferans-och-evenemang-pa-kokar","status":"publish","type":"page","link":"https:\/\/www.brudhall.com\/en\/konferans-och-evenemang-pa-kokar\/","title":{"rendered":"Conference &amp; Events"},"content":{"rendered":"","protected":false},"excerpt":{"rendered":"","protected":false},"author":3,"featured_media":0,"parent":0,"menu_order":0,"comment_status":"closed","ping_status":"closed","template":"","meta":{"_seopress_robots_primary_cat":"","_seopress_titles_title":"Konferans &amp; evenemang p\u00e5 K\u00f6kar | Hotell Brudh\u00e4ll","_seopress_titles_desc":"Vi p\u00e5 hotell Brudh\u00e4ll hj\u00e4lper dig att planera en of\u00f6rgl\u00f6mlig konferans och ett vackert evenemang p\u00e5 K\u00f6kar, \u00c5land.","_seopress_robots_index":"","footnotes":""},"class_list":["post-28","page","type-page","status-publish","hentry"],"_links":{"self":[{"href":"https:\/\/www.brudhall.com\/en\/wp-json\/wp\/v2\/pages\/28","targetHints":{"allow":["GET"]}}],"collection":[{"href":"https:\/\/www.brudhall.com\/en\/wp-json\/wp\/v2\/pages"}],"about":[{"href":"https:\/\/www.brudhall.com\/en\/wp-json\/wp\/v2\/types\/page"}],"author":[{"embeddable":true,"href":"https:\/\/www.brudhall.com\/en\/wp-json\/wp\/v2\/users\/3"}],"replies":[{"embeddable":true,"href":"https:\/\/www.brudhall.com\/en\/wp-json\/wp\/v2\/comments?post=28"}],"version-history":[{"count":0,"href":"https:\/\/www.brudhall.com\/en\/wp-json\/wp\/v2\/pages\/28\/revisions"}],"wp:attachment":[{"href":"https:\/\/www.brudhall.com\/en\/wp-json\/wp\/v2\/media?parent=28"}],"curies":[{"name":"wp","href":"https:\/\/api.w.org\/{rel}","templated":true}]}}