{"id":24,"date":"2021-05-03T08:44:15","date_gmt":"2021-05-03T08:44:15","guid":{"rendered":"http:\/\/www.brudhall.com\/?page_id=24"},"modified":"2021-05-07T06:50:33","modified_gmt":"2021-05-07T06:50:33","slug":"hotell-brudhall","status":"publish","type":"page","link":"https:\/\/www.brudhall.com\/en\/hotell-brudhall\/","title":{"rendered":"Hotel"},"content":{"rendered":"","protected":false},"excerpt":{"rendered":"","protected":false},"author":3,"featured_media":0,"parent":0,"menu_order":0,"comment_status":"closed","ping_status":"closed","template":"","meta":{"_seopress_robots_primary_cat":"","_seopress_titles_title":"Hotell Brudh\u00e4ll | K\u00f6kar","_seopress_titles_desc":"H\u00e4r kan du uppleva en vacker milj\u00f6, nya smaker och en lugn atmosf\u00e4r. Vi har rum f\u00f6r b\u00e5de stora och sm\u00e5, par, v\u00e4nner och familjer.","_seopress_robots_index":"","footnotes":""},"class_list":["post-24","page","type-page","status-publish","hentry"],"_links":{"self":[{"href":"https:\/\/www.brudhall.com\/en\/wp-json\/wp\/v2\/pages\/24","targetHints":{"allow":["GET"]}}],"collection":[{"href":"https:\/\/www.brudhall.com\/en\/wp-json\/wp\/v2\/pages"}],"about":[{"href":"https:\/\/www.brudhall.com\/en\/wp-json\/wp\/v2\/types\/page"}],"author":[{"embeddable":true,"href":"https:\/\/www.brudhall.com\/en\/wp-json\/wp\/v2\/users\/3"}],"replies":[{"embeddable":true,"href":"https:\/\/www.brudhall.com\/en\/wp-json\/wp\/v2\/comments?post=24"}],"version-history":[{"count":0,"href":"https:\/\/www.brudhall.com\/en\/wp-json\/wp\/v2\/pages\/24\/revisions"}],"wp:attachment":[{"href":"https:\/\/www.brudhall.com\/en\/wp-json\/wp\/v2\/media?parent=24"}],"curies":[{"name":"wp","href":"https:\/\/api.w.org\/{rel}","templated":true}]}}